{"id":2,"date":"2025-10-13T16:03:16","date_gmt":"2025-10-13T16:03:16","guid":{"rendered":"https:\/\/luzmoreno.com.mx\/?page_id=2"},"modified":"2025-10-22T04:31:51","modified_gmt":"2025-10-22T04:31:51","slug":"sample-page","status":"publish","type":"page","link":"https:\/\/luzmoreno.com.mx\/","title":{"rendered":""},"content":{"rendered":"\n<div class=\"wp-block-columns alignwide is-layout-flex wp-container-core-columns-is-layout-d327e3c3 wp-block-columns-is-layout-flex\">\n<div class=\"wp-block-column is-vertically-aligned-top is-layout-flow wp-block-column-is-layout-flow\" style=\"padding-right:0;padding-bottom:0;padding-left:0\"><div class=\"wp-block-image\">\n<figure class=\"alignleft size-full\"><img loading=\"lazy\" decoding=\"async\" width=\"340\" height=\"375\" src=\"https:\/\/luzmoreno.com.mx\/wp-content\/uploads\/2025\/10\/foto-luz-inicio-1.png\" alt=\"\" class=\"wp-image-141\" srcset=\"https:\/\/luzmoreno.com.mx\/wp-content\/uploads\/2025\/10\/foto-luz-inicio-1.png 340w, https:\/\/luzmoreno.com.mx\/wp-content\/uploads\/2025\/10\/foto-luz-inicio-1-272x300.png 272w, https:\/\/luzmoreno.com.mx\/wp-content\/uploads\/2025\/10\/foto-luz-inicio-1-300x331.png 300w\" sizes=\"auto, (max-width: 340px) 100vw, 340px\" \/><\/figure>\n<\/div><\/div>\n\n\n\n<div class=\"wp-block-column is-vertically-aligned-top is-layout-flow wp-block-column-is-layout-flow\" style=\"padding-top:0;padding-right:0;padding-bottom:0;padding-left:0\">\n<div class=\"wp-block-group\"><div class=\"wp-block-group__inner-container is-layout-flow wp-block-group-is-layout-flow\">\n<h2 class=\"wp-block-heading has-text-align-left has-primary-color has-text-color has-superbfont-xxsmall-font-size\" style=\"font-style:normal;font-weight:700;letter-spacing:5px;text-transform:uppercase\"><\/h2>\n\n\n\n<h3 class=\"wp-block-heading has-text-align-center has-superbfont-xlarge-font-size\"><em><strong>Luz Moreno<\/strong><\/em><\/h3>\n\n\n\n<p class=\"has-text-align-left has-secondary-color has-text-color has-superbfont-small-font-size\"><span class=\"has-superb-addons-text-align-justify\">Doctora en Ingenier\u00eda de Software, Tecn\u00f3loga, Consultora para MiPyMEs, Asesora en Finanzas Personales, Perito inform\u00e1tico, Biodesprogramadora.<\/span><\/p>\n\n\n\n<p class=\"has-text-align-left has-secondary-color has-text-color has-superbfont-small-font-size\"><span class=\"has-superb-addons-text-align-justify\">Creo en la transparencia y la solidez profesional. Te invito a revisar mi CV en \u00e9l encontrar\u00e1s el respaldo acad\u00e9mico y la experiencia pr\u00e1ctica.<\/span><\/p>\n<\/div><\/div>\n\n\n\n<p><\/p>\n\n\n\n<div class=\"wp-block-buttons is-layout-flex wp-block-buttons-is-layout-flex\">\n<div class=\"wp-block-button\"><a class=\"wp-block-button__link wp-element-button\">Ver M\u00e1s &#8230;<\/a><\/div>\n<\/div>\n<\/div>\n<\/div>\n\n\n\n<hr class=\"wp-block-separator has-alpha-channel-opacity\"\/>\n\n\n\n<h3 class=\"wp-block-heading has-text-align-center\">\u00bfTe sientes abrumado por los procesos de tu empresa o tus finanzas personales?<\/h3>\n\n\n\n<p class=\"has-text-align-center\">Revisa nuestro cat\u00e1logo de servicios y cursos &#8230;<\/p>\n\n\n\n<div class=\"wp-block-group alignfull\"><div class=\"wp-block-group__inner-container is-layout-flow wp-block-group-is-layout-flow\">\n<div class=\"wp-block-columns is-layout-flex wp-container-core-columns-is-layout-9d6595d7 wp-block-columns-is-layout-flex\">\n<div class=\"wp-block-column is-layout-flow wp-block-column-is-layout-flow\">\n<div class=\"wp-block-cover\"><img loading=\"lazy\" decoding=\"async\" width=\"1024\" height=\"933\" class=\"wp-block-cover__image-background wp-image-135\" alt=\"\" src=\"https:\/\/luzmoreno.com.mx\/wp-content\/uploads\/2025\/10\/consultoria-pequenas-empresas-pymes-2.jpg\" data-object-fit=\"cover\" srcset=\"https:\/\/luzmoreno.com.mx\/wp-content\/uploads\/2025\/10\/consultoria-pequenas-empresas-pymes-2.jpg 1024w, https:\/\/luzmoreno.com.mx\/wp-content\/uploads\/2025\/10\/consultoria-pequenas-empresas-pymes-2-300x273.jpg 300w, https:\/\/luzmoreno.com.mx\/wp-content\/uploads\/2025\/10\/consultoria-pequenas-empresas-pymes-2-768x700.jpg 768w, https:\/\/luzmoreno.com.mx\/wp-content\/uploads\/2025\/10\/consultoria-pequenas-empresas-pymes-2-850x774.jpg 850w\" sizes=\"auto, (max-width: 1024px) 100vw, 1024px\" \/><span aria-hidden=\"true\" class=\"wp-block-cover__background has-background-dim\"><\/span><div class=\"wp-block-cover__inner-container is-layout-flow wp-block-cover-is-layout-flow\">\n<h2 class=\"wp-block-heading has-text-align-center has-large-font-size\"><strong>Consultor\u00eda<br>para<br>PyMES<\/strong><\/h2>\n<\/div><\/div>\n<\/div>\n\n\n\n<div class=\"wp-block-column is-layout-flow wp-block-column-is-layout-flow\">\n<div class=\"wp-block-cover\"><img loading=\"lazy\" decoding=\"async\" width=\"1024\" height=\"933\" class=\"wp-block-cover__image-background wp-image-132\" alt=\"\" src=\"https:\/\/luzmoreno.com.mx\/wp-content\/uploads\/2025\/10\/finanzas-personales.jpg\" data-object-fit=\"cover\" srcset=\"https:\/\/luzmoreno.com.mx\/wp-content\/uploads\/2025\/10\/finanzas-personales.jpg 1024w, https:\/\/luzmoreno.com.mx\/wp-content\/uploads\/2025\/10\/finanzas-personales-300x273.jpg 300w, https:\/\/luzmoreno.com.mx\/wp-content\/uploads\/2025\/10\/finanzas-personales-768x700.jpg 768w, https:\/\/luzmoreno.com.mx\/wp-content\/uploads\/2025\/10\/finanzas-personales-850x774.jpg 850w\" sizes=\"auto, (max-width: 1024px) 100vw, 1024px\" \/><span aria-hidden=\"true\" class=\"wp-block-cover__background has-background-dim\"><\/span><div class=\"wp-block-cover__inner-container is-layout-flow wp-block-cover-is-layout-flow\">\n<h2 class=\"wp-block-heading has-text-align-center has-large-font-size\">Finanzas<br>Personales<\/h2>\n<\/div><\/div>\n<\/div>\n\n\n\n<div class=\"wp-block-column is-layout-flow wp-block-column-is-layout-flow\">\n<div class=\"wp-block-cover\"><img loading=\"lazy\" decoding=\"async\" width=\"600\" height=\"400\" class=\"wp-block-cover__image-background wp-image-137\" alt=\"\" src=\"https:\/\/luzmoreno.com.mx\/wp-content\/uploads\/2025\/10\/perito-informatico-luz-moreno.jpg\" data-object-fit=\"cover\" srcset=\"https:\/\/luzmoreno.com.mx\/wp-content\/uploads\/2025\/10\/perito-informatico-luz-moreno.jpg 600w, https:\/\/luzmoreno.com.mx\/wp-content\/uploads\/2025\/10\/perito-informatico-luz-moreno-300x200.jpg 300w\" sizes=\"auto, (max-width: 600px) 100vw, 600px\" \/><span aria-hidden=\"true\" class=\"wp-block-cover__background has-background-dim\"><\/span><div class=\"wp-block-cover__inner-container is-layout-flow wp-block-cover-is-layout-flow\">\n<h2 class=\"wp-block-heading has-text-align-center has-large-font-size\"><strong>Perito<br>Inform\u00e1tico<\/strong><\/h2>\n<\/div><\/div>\n<\/div>\n<\/div>\n<\/div><\/div>\n\n\n\n<div class=\"wp-block-group alignfull\"><div class=\"wp-block-group__inner-container is-layout-flow wp-block-group-is-layout-flow\"><\/div><\/div>\n","protected":false},"excerpt":{"rendered":"<p>Luz Moreno Doctora en Ingenier\u00eda de Software, Tecn\u00f3loga, Consultora para MiPyMEs, Asesora en Finanzas Personales, Perito inform\u00e1tico, Biodesprogramadora. Creo en la transparencia y la solidez profesional. Te invito a revisar mi CV en \u00e9l encontrar\u00e1s el respaldo acad\u00e9mico y la experiencia pr\u00e1ctica. \u00bfTe sientes abrumado por los procesos de tu empresa o tus finanzas personales?\u2026 <a href=\"https:\/\/luzmoreno.com.mx\/\" class=\"excerpt-read-more-link\">Continue reading<\/a><\/p>\n","protected":false},"author":1,"featured_media":0,"parent":0,"menu_order":0,"comment_status":"closed","ping_status":"closed","template":"","meta":{"footnotes":""},"class_list":["post-2","page","type-page","status-publish","hentry"],"_links":{"self":[{"href":"https:\/\/luzmoreno.com.mx\/index.php\/wp-json\/wp\/v2\/pages\/2","targetHints":{"allow":["GET"]}}],"collection":[{"href":"https:\/\/luzmoreno.com.mx\/index.php\/wp-json\/wp\/v2\/pages"}],"about":[{"href":"https:\/\/luzmoreno.com.mx\/index.php\/wp-json\/wp\/v2\/types\/page"}],"author":[{"embeddable":true,"href":"https:\/\/luzmoreno.com.mx\/index.php\/wp-json\/wp\/v2\/users\/1"}],"replies":[{"embeddable":true,"href":"https:\/\/luzmoreno.com.mx\/index.php\/wp-json\/wp\/v2\/comments?post=2"}],"version-history":[{"count":57,"href":"https:\/\/luzmoreno.com.mx\/index.php\/wp-json\/wp\/v2\/pages\/2\/revisions"}],"predecessor-version":[{"id":236,"href":"https:\/\/luzmoreno.com.mx\/index.php\/wp-json\/wp\/v2\/pages\/2\/revisions\/236"}],"wp:attachment":[{"href":"https:\/\/luzmoreno.com.mx\/index.php\/wp-json\/wp\/v2\/media?parent=2"}],"curies":[{"name":"wp","href":"https:\/\/api.w.org\/{rel}","templated":true}]}}